{"id":95,"date":"2021-11-26T12:12:29","date_gmt":"2021-11-26T11:12:29","guid":{"rendered":"http:\/\/av117production.com\/?page_id=95"},"modified":"2022-03-10T10:12:07","modified_gmt":"2022-03-10T09:12:07","slug":"contact","status":"publish","type":"page","link":"https:\/\/av117production.com\/index.php\/contact\/","title":{"rendered":"Contact"},"content":{"rendered":"\n<div class=\"wp-block-advgb-contact-form advgb-contact-form\"><form method=\"POST\"><div class=\"advgb-form-field advgb-form-field-half\"><input type=\"text\" class=\"advgb-form-input advgb-form-input-name\" placeholder=\"Name\" name=\"contact_name\"\/><\/div><div class=\"advgb-form-field advgb-form-field-half\"><input type=\"email\" class=\"advgb-form-input advgb-form-input-email\" placeholder=\"Email address\" name=\"contact_email\"\/><\/div><div class=\"advgb-form-field advgb-form-field-full\"><textarea class=\"advgb-form-input advgb-form-input-msg\" placeholder=\"Message\" name=\"contact_message\"><\/textarea><\/div><div class=\"advgb-grecaptcha clearfix position-right\"><\/div><div class=\"advgb-form-submit-wrapper\" style=\"text-align:right\"><button class=\"advgb-form-submit\" type=\"submit\">Submit<\/button><\/div><\/form><\/div>\n\n\n\n<p class=\"has-medium-font-size\">Envoyez-nous un mail via le formulaire ci-dessus ou contactez-nous par t\u00e9l\u00e9phone.<\/p>\n\n\n\n<p><\/p>\n\n\n\n<div style=\"height:36px\" aria-hidden=\"true\" class=\"wp-block-spacer\"><\/div>\n\n\n\n<p><\/p>\n\n\n\n<div class=\"wp-block-media-text alignwide is-stacked-on-mobile is-vertically-aligned-center\" style=\"grid-template-columns:26% auto\"><figure class=\"wp-block-media-text__media\"><img loading=\"lazy\" width=\"2560\" height=\"2560\" src=\"http:\/\/av117production.com\/wp-content\/uploads\/2022\/03\/4CFB00BA-E8E7-4C8C-A6A6-FA60E97F53B4_1_201_a-scaled.jpg\" alt=\"\" class=\"wp-image-179 size-full img-fluid \" srcset=\"https:\/\/av117production.com\/wp-content\/uploads\/2022\/03\/4CFB00BA-E8E7-4C8C-A6A6-FA60E97F53B4_1_201_a-scaled.jpg 2560w, https:\/\/av117production.com\/wp-content\/uploads\/2022\/03\/4CFB00BA-E8E7-4C8C-A6A6-FA60E97F53B4_1_201_a-300x300.jpg 300w, https:\/\/av117production.com\/wp-content\/uploads\/2022\/03\/4CFB00BA-E8E7-4C8C-A6A6-FA60E97F53B4_1_201_a-1024x1024.jpg 1024w, https:\/\/av117production.com\/wp-content\/uploads\/2022\/03\/4CFB00BA-E8E7-4C8C-A6A6-FA60E97F53B4_1_201_a-150x150.jpg 150w, https:\/\/av117production.com\/wp-content\/uploads\/2022\/03\/4CFB00BA-E8E7-4C8C-A6A6-FA60E97F53B4_1_201_a-768x768.jpg 768w, https:\/\/av117production.com\/wp-content\/uploads\/2022\/03\/4CFB00BA-E8E7-4C8C-A6A6-FA60E97F53B4_1_201_a-1536x1536.jpg 1536w, https:\/\/av117production.com\/wp-content\/uploads\/2022\/03\/4CFB00BA-E8E7-4C8C-A6A6-FA60E97F53B4_1_201_a-2048x2048.jpg 2048w\" sizes=\"(max-width: 2560px) 100vw, 2560px\" \/><\/figure><div class=\"wp-block-media-text__content\">\n<p class=\"has-medium-font-size\">Gr\u00e9goire PAILLAS <br>07 60 08 64 13<\/p>\n<\/div><\/div>\n\n\n\n<p><\/p>\n","protected":false},"excerpt":{"rendered":"<p>Envoyez-nous un mail via le formulaire ci-dessus ou contactez-nous par t\u00e9l\u00e9phone. Gr\u00e9goire PAILLAS 07 60 08 64 13<\/p>\n","protected":false},"author":1,"featured_media":0,"parent":0,"menu_order":0,"comment_status":"closed","ping_status":"closed","template":"","meta":{"advgb_blocks_editor_width":"","advgb_blocks_columns_visual_guide":""},"coauthors":[],"author_meta":{"author_link":"https:\/\/av117production.com\/index.php\/author\/av117\/","display_name":"AV117"},"relative_dates":{"created":"Posted 4 years ago","modified":"Updated 4 years ago"},"absolute_dates":{"created":"Posted on 26 November 2021","modified":"Updated on 10 March 2022"},"absolute_dates_time":{"created":"Posted on 26 November 2021 12h12","modified":"Updated on 10 March 2022 10h12"},"featured_img_caption":"","featured_img":false,"uagb_featured_image_src":{"full":false,"thumbnail":false,"medium":false,"medium_large":false,"large":false,"1536x1536":false,"2048x2048":false},"uagb_author_info":{"display_name":"AV117","author_link":"https:\/\/av117production.com\/index.php\/author\/av117\/"},"uagb_comment_info":0,"uagb_excerpt":"Envoyez-nous un mail via le formulaire ci-dessus ou contactez-nous par t\u00e9l\u00e9phone. Gr\u00e9goire PAILLAS 07 60 08 64 13","_links":{"self":[{"href":"https:\/\/av117production.com\/index.php\/wp-json\/wp\/v2\/pages\/95"}],"collection":[{"href":"https:\/\/av117production.com\/index.php\/wp-json\/wp\/v2\/pages"}],"about":[{"href":"https:\/\/av117production.com\/index.php\/wp-json\/wp\/v2\/types\/page"}],"author":[{"embeddable":true,"href":"https:\/\/av117production.com\/index.php\/wp-json\/wp\/v2\/users\/1"}],"replies":[{"embeddable":true,"href":"https:\/\/av117production.com\/index.php\/wp-json\/wp\/v2\/comments?post=95"}],"version-history":[{"count":15,"href":"https:\/\/av117production.com\/index.php\/wp-json\/wp\/v2\/pages\/95\/revisions"}],"predecessor-version":[{"id":192,"href":"https:\/\/av117production.com\/index.php\/wp-json\/wp\/v2\/pages\/95\/revisions\/192"}],"wp:attachment":[{"href":"https:\/\/av117production.com\/index.php\/wp-json\/wp\/v2\/media?parent=95"}],"curies":[{"name":"wp","href":"https:\/\/api.w.org\/{rel}","templated":true}]}}