{"id":152,"date":"2022-02-02T12:13:34","date_gmt":"2022-02-02T11:13:34","guid":{"rendered":"http:\/\/av117production.com\/?page_id=152"},"modified":"2022-03-02T15:56:41","modified_gmt":"2022-03-02T14:56:41","slug":"formations","status":"publish","type":"page","link":"https:\/\/av117production.com\/index.php\/createurs-de-contenu-audio-visuel-2\/formations\/","title":{"rendered":"FORMATIONS"},"content":{"rendered":"\n<p>Avec une exp\u00e9rience de 5 ans en tant que formateur en entreprise, AV117 Production vous propose aujourd&#8217;hui des formations sur mesures afin de devenir autonome sur la cr\u00e9ation de contenu audio-visuel \u00e0 destination des r\u00e9seaux sociaux. <\/p>\n\n\n\n<p><\/p>\n\n\n\n<p>Contactez nous pour en savoir plus &#8230;<\/p>\n\n\n\n<p><\/p>\n\n\n\n<div class=\"wp-block-advgb-contact-form advgb-contact-form\"><form method=\"POST\"><div class=\"advgb-form-field advgb-form-field-half\"><input type=\"text\" class=\"advgb-form-input advgb-form-input-name\" placeholder=\"Name\" name=\"contact_name\"\/><\/div><div class=\"advgb-form-field advgb-form-field-half\"><input type=\"email\" class=\"advgb-form-input advgb-form-input-email\" placeholder=\"Email address\" name=\"contact_email\"\/><\/div><div class=\"advgb-form-field advgb-form-field-full\"><textarea class=\"advgb-form-input advgb-form-input-msg\" placeholder=\"Message\" name=\"contact_message\"><\/textarea><\/div><div class=\"advgb-grecaptcha clearfix position-right\"><\/div><div class=\"advgb-form-submit-wrapper\" style=\"text-align:right\"><button class=\"advgb-form-submit\" type=\"submit\">Submit<\/button><\/div><\/form><\/div>\n\n\n\n<p><\/p>\n","protected":false},"excerpt":{"rendered":"<p>Avec une exp\u00e9rience de 5 ans en tant que formateur en entreprise, AV117 Production vous propose aujourd&#8217;hui des formations sur &hellip; <\/p>\n<p class=\"link-more\"><a href=\"https:\/\/av117production.com\/index.php\/createurs-de-contenu-audio-visuel-2\/formations\/\" class=\"more-link fw-bold\"><span class=\"more-link-arrow me-2 position-relative rounded-circle d-inline-block\"><\/span> Continue reading<span class=\"screen-reader-text\"> &#8220;FORMATIONS&#8221;<\/span><\/a><\/p>\n","protected":false},"author":1,"featured_media":0,"parent":146,"menu_order":0,"comment_status":"closed","ping_status":"closed","template":"","meta":{"advgb_blocks_editor_width":"","advgb_blocks_columns_visual_guide":""},"coauthors":[],"author_meta":{"author_link":"https:\/\/av117production.com\/index.php\/author\/av117\/","display_name":"AV117"},"relative_dates":{"created":"Posted 4 years ago","modified":"Updated 4 years ago"},"absolute_dates":{"created":"Posted on 2 February 2022","modified":"Updated on 2 March 2022"},"absolute_dates_time":{"created":"Posted on 2 February 2022 12h13","modified":"Updated on 2 March 2022 15h56"},"featured_img_caption":"","featured_img":false,"uagb_featured_image_src":{"full":false,"thumbnail":false,"medium":false,"medium_large":false,"large":false,"1536x1536":false,"2048x2048":false},"uagb_author_info":{"display_name":"AV117","author_link":"https:\/\/av117production.com\/index.php\/author\/av117\/"},"uagb_comment_info":0,"uagb_excerpt":"Avec une exp\u00e9rience de 5 ans en tant que formateur en entreprise, AV117 Production vous propose aujourd&#8217;hui des formations sur &hellip; Continue reading \"FORMATIONS\"","_links":{"self":[{"href":"https:\/\/av117production.com\/index.php\/wp-json\/wp\/v2\/pages\/152"}],"collection":[{"href":"https:\/\/av117production.com\/index.php\/wp-json\/wp\/v2\/pages"}],"about":[{"href":"https:\/\/av117production.com\/index.php\/wp-json\/wp\/v2\/types\/page"}],"author":[{"embeddable":true,"href":"https:\/\/av117production.com\/index.php\/wp-json\/wp\/v2\/users\/1"}],"replies":[{"embeddable":true,"href":"https:\/\/av117production.com\/index.php\/wp-json\/wp\/v2\/comments?post=152"}],"version-history":[{"count":3,"href":"https:\/\/av117production.com\/index.php\/wp-json\/wp\/v2\/pages\/152\/revisions"}],"predecessor-version":[{"id":166,"href":"https:\/\/av117production.com\/index.php\/wp-json\/wp\/v2\/pages\/152\/revisions\/166"}],"up":[{"embeddable":true,"href":"https:\/\/av117production.com\/index.php\/wp-json\/wp\/v2\/pages\/146"}],"wp:attachment":[{"href":"https:\/\/av117production.com\/index.php\/wp-json\/wp\/v2\/media?parent=152"}],"curies":[{"name":"wp","href":"https:\/\/api.w.org\/{rel}","templated":true}]}}